{"id":613,"date":"2024-11-04T04:30:26","date_gmt":"2024-11-04T04:30:26","guid":{"rendered":"https:\/\/themegavias.com\/wp\/travivu\/?page_id=29"},"modified":"2025-09-22T15:02:13","modified_gmt":"2025-09-22T15:02:13","slug":"about","status":"publish","type":"page","link":"https:\/\/beouttravel.com\/es\/about\/","title":{"rendered":"About"},"content":{"rendered":"\t\t<div data-elementor-type=\"wp-page\" data-elementor-id=\"613\" class=\"elementor elementor-613\">\n\t\t\t\t<div class=\"elementor-element elementor-element-27b6231 e-con-full elementor-hidden-desktop elementor-hidden-tablet elementor-hidden-mobile e-flex e-con e-parent\" data-id=\"27b6231\" data-element_type=\"container\" data-settings=\"{&quot;background_background&quot;:&quot;classic&quot;}\">\n\t\t<div class=\"elementor-element elementor-element-31d7643 e-con-full e-flex e-con e-child\" data-id=\"31d7643\" data-element_type=\"container\">\n\t\t\t\t<div class=\"elementor-element elementor-element-65075b9 elementor-widget elementor-widget-gva_post_breadcrumb\" data-id=\"65075b9\" data-element_type=\"widget\" data-widget_type=\"gva_post_breadcrumb.default\">\n\t\t\t\t<div class=\"elementor-widget-container\">\n\t\t\t\t\t<div class=\"gva-element-gva_post_breadcrumb gva-element\">   \r\n<div class=\"post-breadcrumb\">\r\n   <div class=\"custom-breadcrumb \" >\r\n            <div class=\"breadcrumb-main\">\r\n        <div class=\"container\">\r\n          <div class=\"breadcrumb-container-inner\">\r\n            <h1 class=\"heading-title\">About<\/h1><ol class=\"breadcrumb\"><li><a href=\"https:\/\/beouttravel.com\/es\">Home<\/a> <\/li> <li class=\"active\">Page<\/li><\/ol>          <\/div>  \r\n        <\/div>   \r\n      <\/div>  \r\n   <\/div>\r\n<\/div>      \r\n\r\n<\/div>\t\t\t\t<\/div>\n\t\t\t\t<\/div>\n\t\t\t\t<\/div>\n\t\t\t\t<\/div>\n\t\t<div class=\"elementor-element elementor-element-fdaa758 e-flex e-con-boxed e-con e-parent\" data-id=\"fdaa758\" data-element_type=\"container\">\n\t\t\t\t\t<div class=\"e-con-inner\">\n\t\t<div class=\"elementor-element elementor-element-41d577c e-con-full e-flex e-con e-child\" data-id=\"41d577c\" data-element_type=\"container\" data-settings=\"{&quot;background_background&quot;:&quot;classic&quot;}\">\n\t\t\t\t<div class=\"elementor-element elementor-element-c1ececd elementor-widget elementor-widget-gva-heading-block\" data-id=\"c1ececd\" data-element_type=\"widget\" data-widget_type=\"gva-heading-block.default\">\n\t\t\t\t<div class=\"elementor-widget-container\">\n\t\t\t\t\t<div class=\"gva-element-gva-heading-block gva-element\">\r\n   <div class=\"align-left style-1 widget gsc-heading box-align-left auto-responsive\">\r\n      \r\n      <div class=\"content-inner\">\r\n                  \r\n           \r\n         \r\n                     <h2 class=\"title\">\r\n               <span>Beout Travel<\/span>\r\n            <\/h2>\r\n                  \r\n                     <div class=\"title-desc\">Nuestra agencia cuenta con m\u00e1s de 14 a\u00f1os de presencia en el sector tur\u00edstico. Somos especialistas en la organizaci\u00f3n de tours individuales, grupos, viajes de incentivo, viajes de estudio y viajes religiosos.<\/div>\r\n         \r\n               <\/div>\r\n\r\n   <\/div>\r\n\r\n<\/div>\t\t\t\t<\/div>\n\t\t\t\t<\/div>\n\t\t\t\t<div class=\"elementor-element elementor-element-658f97f elementor-widget elementor-widget-gva-heading-block\" data-id=\"658f97f\" data-element_type=\"widget\" data-widget_type=\"gva-heading-block.default\">\n\t\t\t\t<div class=\"elementor-widget-container\">\n\t\t\t\t\t<div class=\"gva-element-gva-heading-block gva-element\">\r\n   <div class=\"align-left style-1 widget gsc-heading box-align-left auto-responsive\">\r\n      \r\n      <div class=\"content-inner\">\r\n                  \r\n           \r\n         \r\n                  \r\n                     <div class=\"title-desc\">Beout Travel, una de las primeras cien agencias de turismo en Egipto, con m\u00e1s de 14 a\u00f1os de experiencia en el sector tur\u00edstico. Somos especialistas en la organizaci\u00f3n de tours individuales, grupos, viajes de incentivo, viajes de estudio y viajes religiosos.\n\nNuestros servicios cubren todo Egipto: El Cairo, Asu\u00e1n, L\u00faxor, Abu Simbel, Alejandr\u00eda, el Mar Rojo, los oasis, el Sina\u00ed, Dahab, Nuweiba, Santa Catalina, cruceros por el Nilo desde Asu\u00e1n hasta L\u00faxor, traslados al aeropuerto, excursiones de un d\u00eda, viajes al desierto, etc.\n\nEsto significa que tenemos relaciones que nos brindan beneficios especiales con cada uno de los proveedores de servicios con los que trabajamos. Nuestros tours incluyen todo lo esencial y, al mismo tiempo, te ofrecen la flexibilidad para crear el viaje de tus sue\u00f1os con transporte moderno, alojamiento confortable, recorridos por la ciudad y muchas comidas incluidas.<\/div>\r\n         \r\n               <\/div>\r\n\r\n   <\/div>\r\n\r\n<\/div>\t\t\t\t<\/div>\n\t\t\t\t<\/div>\n\t\t\t\t<div class=\"elementor-element elementor-element-53708f8 elementor-widget elementor-widget-html\" data-id=\"53708f8\" data-element_type=\"widget\" data-widget_type=\"html.default\">\n\t\t\t\t\t<a href=\"https:\/\/beouttravel.com\/es\/contact\/\" class=\"btn-theme-2\">contacto\n    <\/a>\t\t\t\t<\/div>\n\t\t\t\t<\/div>\n\t\t<div class=\"elementor-element elementor-element-d82304e e-con-full e-flex e-con e-child\" data-id=\"d82304e\" data-element_type=\"container\">\n\t\t\t\t<div class=\"elementor-element elementor-element-0d2dc50 elementor-widget elementor-widget-gva-image-content\" data-id=\"0d2dc50\" data-element_type=\"widget\" data-widget_type=\"gva-image-content.default\">\n\t\t\t\t<div class=\"elementor-widget-container\">\n\t\t\t\t\t<div class=\"gva-element-gva-image-content gva-element\">\t\t\r\n  \r\n\t \r\n\r\n \r\n\r\n\r\n \r\n  \r\n  \t<div class=\"about-five__single\">\r\n\t  \t<div class=\"about-five__image\"><div class=\"content-inner\">\t\t  <a href=\"#\">\r\n\t\t\t <img decoding=\"async\" src=\"https:\/\/thegoldentour.com\/wp-content\/uploads\/2025\/07\/The-Golden-Tour-\u00a9-Copyrights-1.png\" alt=\"Lugares hermosos\" \/>\t\t  <\/a>\r\n\t\t  <div class=\"about-five__title\">Lugares hermosos<\/div><\/div><\/div><div class=\"about-five__logo\"><img decoding=\"async\" src=\"https:\/\/beouttravel.com\/es\/wp-content\/uploads\/2024\/11\/BEOUT-TRAVEL-LOGO-wigh.png\" alt=\"Lugares hermosos\" \/><\/div><div class=\"about-five__image-second\"><div class=\"content-inner\">\t\t  <a href=\"#\">\r\n\t\t\t <img decoding=\"async\" src=\"https:\/\/thegoldentour.com\/wp-content\/uploads\/2025\/02\/start-diving.jpg\" alt=\"Lugares hermosos\" \/>\t\t  <\/a>\r\n\t\t  <\/div><\/div>\t<\/div>\r\n \r\n\r\n  \r\n \r\n\r\n \r\n\r\n\r\n\t<\/div>\t\t\t\t<\/div>\n\t\t\t\t<\/div>\n\t\t\t\t<\/div>\n\t\t\t\t\t<\/div>\n\t\t\t\t<\/div>\n\t\t<div class=\"elementor-element elementor-element-fab950a e-con-full e-flex e-con e-parent\" data-id=\"fab950a\" data-element_type=\"container\" data-settings=\"{&quot;background_background&quot;:&quot;classic&quot;}\">\n\t\t<div class=\"elementor-element elementor-element-7e14e6f e-con-full contain-left e-flex e-con e-child\" data-id=\"7e14e6f\" data-element_type=\"container\">\n\t\t<div class=\"elementor-element elementor-element-032a770 e-con-full e-flex e-con e-child\" data-id=\"032a770\" data-element_type=\"container\">\n\t\t\t\t<div class=\"elementor-element elementor-element-868c4bf elementor-widget elementor-widget-gva-heading-block\" data-id=\"868c4bf\" data-element_type=\"widget\" data-widget_type=\"gva-heading-block.default\">\n\t\t\t\t<div class=\"elementor-widget-container\">\n\t\t\t\t\t<div class=\"gva-element-gva-heading-block gva-element\">\r\n   <div class=\"align-left style-1 widget gsc-heading box-align-left auto-responsive\">\r\n      \r\n      <div class=\"content-inner\">\r\n                  \r\n           \r\n         \r\n                     <h2 class=\"title\">\r\n               <span>Por qu\u00e9 deber\u00edas elegir\nBeout Travel<\/span>\r\n            <\/h2>\r\n                  \r\n         \r\n               <\/div>\r\n\r\n   <\/div>\r\n\r\n<\/div>\t\t\t\t<\/div>\n\t\t\t\t<\/div>\n\t\t<div class=\"elementor-element elementor-element-a168924 e-con-full e-flex e-con e-child\" data-id=\"a168924\" data-element_type=\"container\" data-settings=\"{&quot;background_background&quot;:&quot;classic&quot;}\">\n\t\t<div class=\"elementor-element elementor-element-c13bc9c e-con-full e-flex e-con e-child\" data-id=\"c13bc9c\" data-element_type=\"container\">\n\t\t\t\t<div class=\"elementor-element elementor-element-7c719a3 elementor-widget elementor-widget-gva-icon-box-styles\" data-id=\"7c719a3\" data-element_type=\"widget\" data-widget_type=\"gva-icon-box-styles.default\">\n\t\t\t\t<div class=\"elementor-widget-container\">\n\t\t\t\t\t<div class=\"gva-element-gva-icon-box-styles gva-element\">\r\n   \r\n   \r\n\r\n         <div class=\"box-style-three__single\">\r\n         <div class=\"box-style-three__wrap\">\r\n            <div class=\"box-style-three__icon\">\r\n               <i aria-hidden=\"true\" class=\" ticon-travel-2\"><\/i>            <\/div>\r\n            <div class=\"box-style-three__content\">\r\n               <h3 class=\"box-style-three__title\">Profesional<br> & Certificada<\/h3>            <\/div>\r\n         <\/div> \r\n               <\/div>   \r\n      <\/div>\t\t\t\t<\/div>\n\t\t\t\t<\/div>\n\t\t\t\t<\/div>\n\t\t<div class=\"elementor-element elementor-element-43685ff e-con-full e-flex e-con e-child\" data-id=\"43685ff\" data-element_type=\"container\">\n\t\t\t\t<div class=\"elementor-element elementor-element-611564b elementor-widget elementor-widget-gva-icon-box-styles\" data-id=\"611564b\" data-element_type=\"widget\" data-widget_type=\"gva-icon-box-styles.default\">\n\t\t\t\t<div class=\"elementor-widget-container\">\n\t\t\t\t\t<div class=\"gva-element-gva-icon-box-styles gva-element\">\r\n   \r\n   \r\n\r\n         <div class=\"box-style-three__single\">\r\n         <div class=\"box-style-three__wrap\">\r\n            <div class=\"box-style-three__icon\">\r\n               <i aria-hidden=\"true\" class=\" ticon-credit-card\"><\/i>            <\/div>\r\n            <div class=\"box-style-three__content\">\r\n               <h3 class=\"box-style-three__title\">Mejor Precio<br> Garantizado<\/h3>            <\/div>\r\n         <\/div> \r\n               <\/div>   \r\n      <\/div>\t\t\t\t<\/div>\n\t\t\t\t<\/div>\n\t\t\t\t<\/div>\n\t\t<div class=\"elementor-element elementor-element-a089730 e-con-full e-flex e-con e-child\" data-id=\"a089730\" data-element_type=\"container\">\n\t\t\t\t<div class=\"elementor-element elementor-element-6094694 elementor-widget elementor-widget-gva-icon-box-styles\" data-id=\"6094694\" data-element_type=\"widget\" data-widget_type=\"gva-icon-box-styles.default\">\n\t\t\t\t<div class=\"elementor-widget-container\">\n\t\t\t\t\t<div class=\"gva-element-gva-icon-box-styles gva-element\">\r\n   \r\n   \r\n\r\n         <div class=\"box-style-three__single\">\r\n         <div class=\"box-style-three__wrap\">\r\n            <div class=\"box-style-three__icon\">\r\n               <i aria-hidden=\"true\" class=\" ticon-online-booking\"><\/i>            <\/div>\r\n            <div class=\"box-style-three__content\">\r\n               <h3 class=\"box-style-three__title\">Reserva de Tours<br> al Instante<\/h3>            <\/div>\r\n         <\/div> \r\n               <\/div>   \r\n      <\/div>\t\t\t\t<\/div>\n\t\t\t\t<\/div>\n\t\t\t\t<\/div>\n\t\t<div class=\"elementor-element elementor-element-efd5245 e-con-full e-flex e-con e-child\" data-id=\"efd5245\" data-element_type=\"container\">\n\t\t\t\t<div class=\"elementor-element elementor-element-569c784 elementor-widget elementor-widget-gva-icon-box-styles\" data-id=\"569c784\" data-element_type=\"widget\" data-widget_type=\"gva-icon-box-styles.default\">\n\t\t\t\t<div class=\"elementor-widget-container\">\n\t\t\t\t\t<div class=\"gva-element-gva-icon-box-styles gva-element\">\r\n   \r\n   \r\n\r\n         <div class=\"box-style-three__single\">\r\n         <div class=\"box-style-three__wrap\">\r\n            <div class=\"box-style-three__icon\">\r\n               <i aria-hidden=\"true\" class=\" ticon-trip-2\"><\/i>            <\/div>\r\n            <div class=\"box-style-three__content\">\r\n               <h3 class=\"box-style-three__title\">Gu\u00edas<br> Experimentados<\/h3>            <\/div>\r\n         <\/div> \r\n               <\/div>   \r\n      <\/div>\t\t\t\t<\/div>\n\t\t\t\t<\/div>\n\t\t\t\t<\/div>\n\t\t\t\t<\/div>\n\t\t\t\t<div class=\"elementor-element elementor-element-bb4510d elementor-widget elementor-widget-html\" data-id=\"bb4510d\" data-element_type=\"widget\" data-widget_type=\"html.default\">\n\t\t\t\t\t<a href=\"https:\/\/beouttravel.com\/es\/tours\/\" class=\"btn-theme-2\">\n    Explora M\u00e1s\n    <\/a>\t\t\t\t<\/div>\n\t\t\t\t<\/div>\n\t\t\t\t<\/div>\n\t\t<div class=\"elementor-element elementor-element-4e8d3f4 e-con-full e-flex e-con e-child\" data-id=\"4e8d3f4\" data-element_type=\"container\">\n\t\t\t\t<div class=\"elementor-element elementor-element-bbe3a69 elementor-widget elementor-widget-gva-image-content\" data-id=\"bbe3a69\" data-element_type=\"widget\" data-widget_type=\"gva-image-content.default\">\n\t\t\t\t<div class=\"elementor-widget-container\">\n\t\t\t\t\t<div class=\"gva-element-gva-image-content gva-element\">\t\t\r\n  \r\n\t \r\n\r\n \r\n\r\n\r\n\t<div class=\"about-four__single\">\r\n\t\t<div class=\"about-four__wrap\">\r\n\t\t  \t<div class=\"about-four__image\"><div class=\"content-inner\"><img decoding=\"async\" src=\"https:\/\/thegoldentour.com\/wp-content\/uploads\/2025\/07\/egypt_main.jpg\" alt=\"\" \/><\/div><\/div><div class=\"about-four__image-second\"><div class=\"content-inner\"><img decoding=\"async\" src=\"https:\/\/thegoldentour.com\/wp-content\/uploads\/2025\/07\/orange-bay-sea-trip.jpg\" alt=\"\" \/><\/div><\/div><div class=\"about-four__image-third\"><div class=\"content-inner\"><img decoding=\"async\" src=\"https:\/\/themegavias.com\/wp\/travivu\/wp-content\/uploads\/2024\/12\/image-09.png\" alt=\"\" \/><\/div><\/div>\t\t<\/div>\t\r\n\t<\/div>\r\n \r\n  \r\n \r\n\r\n  \r\n \r\n\r\n \r\n\r\n\r\n\t<\/div>\t\t\t\t<\/div>\n\t\t\t\t<\/div>\n\t\t\t\t<\/div>\n\t\t\t\t<\/div>\n\t\t<div class=\"elementor-element elementor-element-3ca4474 e-con-full row-explore-full e-flex e-con e-parent\" data-id=\"3ca4474\" data-element_type=\"container\" data-settings=\"{&quot;background_background&quot;:&quot;classic&quot;}\">\n\t\t<div class=\"elementor-element elementor-element-5e7dd08 e-con-full e-flex e-con e-child\" data-id=\"5e7dd08\" data-element_type=\"container\">\n\t\t<div class=\"elementor-element elementor-element-3227a49 e-con-full e-flex e-con e-child\" data-id=\"3227a49\" data-element_type=\"container\">\n\t\t\t\t<div class=\"elementor-element elementor-element-5ee600f elementor-widget elementor-widget-gva-heading-block\" data-id=\"5ee600f\" data-element_type=\"widget\" data-widget_type=\"gva-heading-block.default\">\n\t\t\t\t<div class=\"elementor-widget-container\">\n\t\t\t\t\t<div class=\"gva-element-gva-heading-block gva-element\">\r\n   <div class=\"align-center style-1 widget gsc-heading box-align-center auto-responsive\">\r\n      \r\n      <div class=\"content-inner\">\r\n                  \r\n           \r\n         \r\n                     <h2 class=\"title\">\r\n               <span>Nuestra Misi\u00f3n<\/span>\r\n            <\/h2>\r\n                  \r\n                     <div class=\"title-desc\">Nuestro principal objetivo es ofrecer un servicio excepcional a nuestros distinguidos clientes. Priorizamos la creaci\u00f3n de relaciones a largo plazo, buscando ampliar nuestra red con aerol\u00edneas, operadores de vuelos ch\u00e1rter, hoteles, tour operadores y agencias de viajes tanto en Egipto como en el extranjero.\n\nNuestra m\u00e1xima prioridad es atender las necesidades de nuestros hu\u00e9spedes y brindarles una experiencia vacacional inolvidable. Estamos comprometidos a proporcionarles informaci\u00f3n completa sobre los destinos que visitar\u00e1n<\/div>\r\n         \r\n               <\/div>\r\n\r\n   <\/div>\r\n\r\n<\/div>\t\t\t\t<\/div>\n\t\t\t\t<\/div>\n\t\t\t\t<div class=\"elementor-element elementor-element-70fb79c elementor-widget elementor-widget-gva-heading-block\" data-id=\"70fb79c\" data-element_type=\"widget\" data-widget_type=\"gva-heading-block.default\">\n\t\t\t\t<div class=\"elementor-widget-container\">\n\t\t\t\t\t<div class=\"gva-element-gva-heading-block gva-element\">\r\n   <div class=\"align-center style-1 widget gsc-heading box-align-center auto-responsive\">\r\n      \r\n      <div class=\"content-inner\">\r\n                  \r\n           \r\n         \r\n                     <h2 class=\"title\">\r\n               <span>Nuestra Visi\u00f3n\n<\/span>\r\n            <\/h2>\r\n                  \r\n                     <div class=\"title-desc\">Aspiramos a destacar en el sector tur\u00edstico dando prioridad a la satisfacci\u00f3n del cliente, nuestro equipo, la comunidad local, el progreso, la creatividad, la tecnolog\u00eda, la productividad y la eficiencia.\n\nNuestro personal est\u00e1 dedicado a cumplir nuestra misi\u00f3n y garantizar el \u00e9xito de nuestros planes. Contamos con una combinaci\u00f3n de profesionales experimentados y j\u00f3venes talentos que trabajan juntos para ofrecer un servicio excepcional.\n\nEs nuestra responsabilidad apoyar y empoderar a la nueva generaci\u00f3n, aprovechando su experiencia en tecnolog\u00eda.<\/div>\r\n         \r\n               <\/div>\r\n\r\n   <\/div>\r\n\r\n<\/div>\t\t\t\t<\/div>\n\t\t\t\t<\/div>\n\t\t\t\t<\/div>\n\t\t\t\t<\/div>\n\t\t\t\t<\/div>\n\t\t<div class=\"elementor-element elementor-element-1ac06c3 e-flex e-con-boxed e-con e-parent\" data-id=\"1ac06c3\" data-element_type=\"container\">\n\t\t\t\t\t<div class=\"e-con-inner\">\n\t\t<div class=\"elementor-element elementor-element-3bc57fc e-con-full e-flex e-con e-child\" data-id=\"3bc57fc\" data-element_type=\"container\">\n\t\t\t\t<div class=\"elementor-element elementor-element-83c3c74 elementor-absolute elementor-widget elementor-widget-image\" data-id=\"83c3c74\" data-element_type=\"widget\" data-settings=\"{&quot;_position&quot;:&quot;absolute&quot;}\" data-widget_type=\"image.default\">\n\t\t\t\t\t\t\t\t\t\t\t\t\t\t\t<img fetchpriority=\"high\" decoding=\"async\" width=\"540\" height=\"609\" src=\"https:\/\/beouttravel.com\/es\/wp-content\/uploads\/2024\/12\/image-03.png\" class=\"attachment-full size-full wp-image-319\" alt=\"\" \/>\t\t\t\t\t\t\t\t\t\t\t\t\t\t\t<\/div>\n\t\t<div class=\"elementor-element elementor-element-c40f28f e-flex e-con-boxed e-con e-child\" data-id=\"c40f28f\" data-element_type=\"container\" data-settings=\"{&quot;background_background&quot;:&quot;classic&quot;}\">\n\t\t\t\t\t<div class=\"e-con-inner\">\n\t\t<div class=\"elementor-element elementor-element-9074fba e-con-full e-flex e-con e-child\" data-id=\"9074fba\" data-element_type=\"container\" data-settings=\"{&quot;background_background&quot;:&quot;classic&quot;}\">\n\t\t\t\t<div class=\"elementor-element elementor-element-538fce0 elementor-widget__width-initial elementor-widget elementor-widget-heading\" data-id=\"538fce0\" data-element_type=\"widget\" data-widget_type=\"heading.default\">\n\t\t\t\t\t<h2 class=\"elementor-heading-title elementor-size-default\">Ya sea que busques aventura o relax, tenemos algo para todos.<\/h2>\t\t\t\t<\/div>\n\t\t\t\t<div class=\"elementor-element elementor-element-7fa73f7 elementor-widget__width-initial elementor-widget elementor-widget-html\" data-id=\"7fa73f7\" data-element_type=\"widget\" data-widget_type=\"html.default\">\n\t\t\t\t\t<a href=\"https:\/\/beouttravel.com\/es\/tours\/\" class=\"btn-theme\">\n    Descubre M\u00e1s\n    <\/a>\t\t\t\t<\/div>\n\t\t\t\t<\/div>\n\t\t\t\t\t<\/div>\n\t\t\t\t<\/div>\n\t\t\t\t<\/div>\n\t\t\t\t\t<\/div>\n\t\t\t\t<\/div>\n\t\t<div class=\"elementor-element elementor-element-3db2f62 e-flex e-con-boxed e-con e-parent\" data-id=\"3db2f62\" data-element_type=\"container\">\n\t\t\t\t\t<div class=\"e-con-inner\">\n\t\t<div class=\"elementor-element elementor-element-1069653 e-con-full e-flex e-con e-child\" data-id=\"1069653\" data-element_type=\"container\">\n\t\t\t\t<div class=\"elementor-element elementor-element-3e2d0e2 elementor-widget-divider--view-line elementor-widget elementor-widget-divider\" data-id=\"3e2d0e2\" data-element_type=\"widget\" data-widget_type=\"divider.default\">\n\t\t\t\t\t\t\t<div class=\"elementor-divider\">\n\t\t\t<span class=\"elementor-divider-separator\">\n\t\t\t\t\t\t<\/span>\n\t\t<\/div>\n\t\t\t\t\t\t<\/div>\n\t\t\t\t<div class=\"elementor-element elementor-element-0e65364 elementor-widget elementor-widget-heading\" data-id=\"0e65364\" data-element_type=\"widget\" data-widget_type=\"heading.default\">\n\t\t\t\t\t<h2 class=\"elementor-heading-title elementor-size-default\">M\u00e1s de 2 000 marcas conf\u00edan en nosotros<\/h2>\t\t\t\t<\/div>\n\t\t\t\t<div class=\"elementor-element elementor-element-a225d72 elementor-widget-divider--view-line elementor-widget elementor-widget-divider\" data-id=\"a225d72\" data-element_type=\"widget\" data-widget_type=\"divider.default\">\n\t\t\t\t\t\t\t<div class=\"elementor-divider\">\n\t\t\t<span class=\"elementor-divider-separator\">\n\t\t\t\t\t\t<\/span>\n\t\t<\/div>\n\t\t\t\t\t\t<\/div>\n\t\t\t\t<\/div>\n\t\t<div class=\"elementor-element elementor-element-6ff82b8 e-con-full e-flex e-con e-child\" data-id=\"6ff82b8\" data-element_type=\"container\">\n\t\t\t\t<div class=\"elementor-element elementor-element-f37b272 elementor-widget elementor-widget-gva-brand\" data-id=\"f37b272\" data-element_type=\"widget\" data-widget_type=\"gva-brand.default\">\n\t\t\t\t<div class=\"elementor-widget-container\">\n\t\t\t\t\t<div class=\"gva-element-gva-brand gva-element\">\r\n<div class=\"gva-brand-carousel style-1 \">\r\n   <div class=\"swiper-content-inner\">\r\n      <div class=\"init-carousel-swiper swiper\" data-carousel=\"{&quot;items&quot;:5,&quot;items_lg&quot;:5,&quot;items_md&quot;:4,&quot;items_sm&quot;:3,&quot;items_xs&quot;:2,&quot;items_xx&quot;:2,&quot;effect&quot;:&quot;slide&quot;,&quot;space_between&quot;:30,&quot;loop&quot;:1,&quot;speed&quot;:600,&quot;autoplay&quot;:1,&quot;autoplay_delay&quot;:4500,&quot;autoplay_hover&quot;:1,&quot;navigation&quot;:1,&quot;pagination&quot;:0,&quot;dynamic_bullets&quot;:0,&quot;pagination_type&quot;:&quot;bullets&quot;}\">\r\n         <div class=\"swiper-wrapper\">\r\n            \r\n            <div class=\"swiper-slide item brand-item\"><div class=\"brand-item-content\"><div class=\"brand-item-image\"><img decoding=\"async\" src=\"https:\/\/thegoldentour.com\/wp-content\/uploads\/2025\/07\/6-768x256.png.webp\" alt=\"\" class=\"brand-img\"\/><\/div><\/div><\/div><div class=\"swiper-slide item brand-item\"><div class=\"brand-item-content\"><div class=\"brand-item-image\"><img decoding=\"async\" src=\"https:\/\/thegoldentour.com\/wp-content\/uploads\/2025\/07\/2-768x256.png.webp\" alt=\"\" class=\"brand-img\"\/><\/div><\/div><\/div><div class=\"swiper-slide item brand-item\"><div class=\"brand-item-content\"><div class=\"brand-item-image\"><img decoding=\"async\" src=\"https:\/\/thegoldentour.com\/wp-content\/uploads\/2025\/07\/4-768x256.png.webp\" alt=\"\" class=\"brand-img\"\/><\/div><\/div><\/div><div class=\"swiper-slide item brand-item\"><div class=\"brand-item-content\"><div class=\"brand-item-image\"><img decoding=\"async\" src=\"https:\/\/thegoldentour.com\/wp-content\/uploads\/2025\/07\/9-768x256.png.webp\" alt=\"\" class=\"brand-img\"\/><\/div><\/div><\/div><div class=\"swiper-slide item brand-item\"><div class=\"brand-item-content\"><div class=\"brand-item-image\"><img decoding=\"async\" src=\"https:\/\/thegoldentour.com\/wp-content\/uploads\/2025\/07\/1-768x256.png.webp\" alt=\"\" class=\"brand-img\"\/><\/div><\/div><\/div><div class=\"swiper-slide item brand-item\"><div class=\"brand-item-content\"><div class=\"brand-item-image\"><img decoding=\"async\" src=\"https:\/\/thegoldentour.com\/wp-content\/uploads\/2025\/07\/3-768x256.png.webp\" alt=\"\" class=\"brand-img\"\/><\/div><\/div><\/div>\r\n         <\/div>\r\n      <\/div>   \r\n   <\/div>\r\n   <div class=\"swiper-pagination\"><\/div>   <div class=\"swiper-nav-next\"><\/div><div class=\"swiper-nav-prev\"><\/div><\/div>\r\n<\/div>\t\t\t\t<\/div>\n\t\t\t\t<\/div>\n\t\t\t\t<\/div>\n\t\t\t\t\t<\/div>\n\t\t\t\t<\/div>\n\t\t\t\t<\/div>\n\t\t","protected":false},"excerpt":{"rendered":"<p>About Home Page Beout Travel Nuestra agencia cuenta con m\u00e1s de 14 a\u00f1os de presencia en el sector tur\u00edstico. Somos especialistas en la organizaci\u00f3n de tours individuales, grupos, viajes de incentivo, viajes de estudio y viajes religiosos. Beout Travel, una de las primeras cien agencias de turismo en Egipto, con m\u00e1s de 14 a\u00f1os de [&hellip;]<\/p>\n","protected":false},"author":2,"featured_media":0,"parent":0,"menu_order":0,"comment_status":"closed","ping_status":"closed","template":"","meta":{"footnotes":""},"class_list":["post-613","page","type-page","status-publish","hentry"],"_links":{"self":[{"href":"https:\/\/beouttravel.com\/es\/wp-json\/wp\/v2\/pages\/613","targetHints":{"allow":["GET"]}}],"collection":[{"href":"https:\/\/beouttravel.com\/es\/wp-json\/wp\/v2\/pages"}],"about":[{"href":"https:\/\/beouttravel.com\/es\/wp-json\/wp\/v2\/types\/page"}],"author":[{"embeddable":true,"href":"https:\/\/beouttravel.com\/es\/wp-json\/wp\/v2\/users\/2"}],"replies":[{"embeddable":true,"href":"https:\/\/beouttravel.com\/es\/wp-json\/wp\/v2\/comments?post=613"}],"version-history":[{"count":0,"href":"https:\/\/beouttravel.com\/es\/wp-json\/wp\/v2\/pages\/613\/revisions"}],"wp:attachment":[{"href":"https:\/\/beouttravel.com\/es\/wp-json\/wp\/v2\/media?parent=613"}],"curies":[{"name":"wp","href":"https:\/\/api.w.org\/{rel}","templated":true}]}}